{"id":990957,"date":"2024-03-15T10:21:31","date_gmt":"2024-03-15T10:21:31","guid":{"rendered":"https:\/\/erudio.si\/vpis\/?page_id=990957"},"modified":"2026-05-04T10:44:38","modified_gmt":"2026-05-04T10:44:38","slug":"international-school","status":"publish","type":"page","link":"https:\/\/erudio.si\/vpis\/international-school\/","title":{"rendered":"Open Days &#8211; ERUDIO International School"},"content":{"rendered":"\t\t<div data-elementor-type=\"wp-page\" data-elementor-id=\"990957\" class=\"elementor elementor-990957\" data-elementor-post-type=\"page\">\n\t\t\t\t\t\t<section class=\"elementor-section elementor-top-section elementor-element elementor-element-58948232 elementor-section-height-min-height elementor-section-boxed elementor-section-height-default elementor-section-items-middle\" data-id=\"58948232\" data-element_type=\"section\" data-e-type=\"section\" data-settings=\"{&quot;background_background&quot;:&quot;classic&quot;}\">\n\t\t\t\t\t\t\t<div class=\"elementor-background-overlay\"><\/div>\n\t\t\t\t\t\t\t<div class=\"elementor-container elementor-column-gap-default\">\n\t\t\t\t\t<div class=\"elementor-column elementor-col-100 elementor-top-column elementor-element elementor-element-7b2976e1\" data-id=\"7b2976e1\" data-element_type=\"column\" data-e-type=\"column\" data-settings=\"{&quot;background_background&quot;:&quot;classic&quot;}\">\n\t\t\t<div class=\"elementor-widget-wrap\">\n\t\t\t\t\t\t\t<\/div>\n\t\t<\/div>\n\t\t\t\t\t<\/div>\n\t\t<\/section>\n\t\t\t\t<section class=\"elementor-section elementor-top-section elementor-element elementor-element-127fd4a elementor-section-boxed elementor-section-height-default elementor-section-height-default\" data-id=\"127fd4a\" data-element_type=\"section\" data-e-type=\"section\">\n\t\t\t\t\t\t<div class=\"elementor-container elementor-column-gap-no\">\n\t\t\t\t\t<div class=\"elementor-column elementor-col-50 elementor-top-column elementor-element elementor-element-5eecf2e4 animated-fast elementor-invisible\" data-id=\"5eecf2e4\" data-element_type=\"column\" data-e-type=\"column\" data-settings=\"{&quot;background_background&quot;:&quot;classic&quot;,&quot;animation&quot;:&quot;fadeIn&quot;,&quot;animation_tablet&quot;:&quot;none&quot;,&quot;animation_mobile&quot;:&quot;none&quot;,&quot;animation_delay&quot;:100}\">\n\t\t\t<div class=\"elementor-widget-wrap elementor-element-populated\">\n\t\t\t\t\t\t<div class=\"elementor-element elementor-element-1037b68 elementor-widget elementor-widget-button\" data-id=\"1037b68\" data-element_type=\"widget\" data-e-type=\"widget\" data-widget_type=\"button.default\">\n\t\t\t\t<div class=\"elementor-widget-container\">\n\t\t\t\t\t\t\t\t\t<div class=\"elementor-button-wrapper\">\n\t\t\t\t\t<a class=\"elementor-button elementor-button-link elementor-size-sm\" href=\"https:\/\/www.erudio.si\/internationalschool\/admission\/\">\n\t\t\t\t\t\t<span class=\"elementor-button-content-wrapper\">\n\t\t\t\t\t\t\t\t\t<span class=\"elementor-button-text\">Enrollment is now open<\/span>\n\t\t\t\t\t<\/span>\n\t\t\t\t\t<\/a>\n\t\t\t\t<\/div>\n\t\t\t\t\t\t\t\t<\/div>\n\t\t\t\t<\/div>\n\t\t\t\t<div class=\"elementor-element elementor-element-a18cc7a elementor-widget elementor-widget-text-editor\" data-id=\"a18cc7a\" data-element_type=\"widget\" data-e-type=\"widget\" data-widget_type=\"text-editor.default\">\n\t\t\t\t<div class=\"elementor-widget-container\">\n\t\t\t\t\t\t\t\t\t<p><b>Submit the official application to secure your place.<\/b><\/p>\t\t\t\t\t\t\t\t<\/div>\n\t\t\t\t<\/div>\n\t\t\t\t\t<\/div>\n\t\t<\/div>\n\t\t\t\t<div class=\"elementor-column elementor-col-50 elementor-top-column elementor-element elementor-element-e4259f3 elementor-hidden-desktop elementor-hidden-tablet elementor-hidden-phone\" data-id=\"e4259f3\" data-element_type=\"column\" data-e-type=\"column\">\n\t\t\t<div class=\"elementor-widget-wrap\">\n\t\t\t\t\t\t\t<\/div>\n\t\t<\/div>\n\t\t\t\t\t<\/div>\n\t\t<\/section>\n\t\t<div class=\"elementor-element elementor-element-19a89d2f e-flex e-con-boxed e-con e-parent\" data-id=\"19a89d2f\" data-element_type=\"container\" data-e-type=\"container\">\n\t\t\t\t\t<div class=\"e-con-inner\">\n\t\t\t\t<div class=\"elementor-element elementor-element-72388a8a elementor-widget elementor-widget-text-editor\" data-id=\"72388a8a\" data-element_type=\"widget\" data-e-type=\"widget\" data-widget_type=\"text-editor.default\">\n\t\t\t\t<div class=\"elementor-widget-container\">\n\t\t\t\t\t\t\t\t\t<h3><b>What Makes ERUDIO International School Unique?<\/b><\/h3><p><span style=\"font-weight: 400;\">At ERUDIO International School, students enter a friendly and respectful environment where they can unveil their talents and abilities, take responsibility for their actions, and grow as individuals, classmates, and team members.\u00a0<\/span><\/p><p><span style=\"font-weight: 400;\">We support students to become open-minded, knowledgeable, and caring thinkers who communicate in a fair, honest, and reflective way<\/span><b>.<\/b><\/p>\t\t\t\t\t\t\t\t<\/div>\n\t\t\t\t<\/div>\n\t\t\t\t<div class=\"elementor-element elementor-element-a050b11 elementor-align-left elementor-widget elementor-widget-button\" data-id=\"a050b11\" data-element_type=\"widget\" data-e-type=\"widget\" data-widget_type=\"button.default\">\n\t\t\t\t<div class=\"elementor-widget-container\">\n\t\t\t\t\t\t\t\t\t<div class=\"elementor-button-wrapper\">\n\t\t\t\t\t<a class=\"elementor-button elementor-button-link elementor-size-xl\" href=\"https:\/\/www.erudio.si\/internationalschool\/\" target=\"_blank\">\n\t\t\t\t\t\t<span class=\"elementor-button-content-wrapper\">\n\t\t\t\t\t\t\t\t\t<span class=\"elementor-button-text\">Find about us<\/span>\n\t\t\t\t\t<\/span>\n\t\t\t\t\t<\/a>\n\t\t\t\t<\/div>\n\t\t\t\t\t\t\t\t<\/div>\n\t\t\t\t<\/div>\n\t\t\t\t<div class=\"elementor-element elementor-element-698918a elementor-widget elementor-widget-text-editor\" data-id=\"698918a\" data-element_type=\"widget\" data-e-type=\"widget\" data-widget_type=\"text-editor.default\">\n\t\t\t\t<div class=\"elementor-widget-container\">\n\t\t\t\t\t\t\t\t\t<h3><b>What can students expect from us?<\/b><\/h3><p><span style=\"font-weight: 400;\">At ERUDIO International School, students receive:<\/span><\/p><ul><li style=\"font-weight: 400;\" aria-level=\"1\"><span style=\"font-weight: 400;\">Respect: a supportive environment where every voice is heard.<\/span><\/li><li style=\"font-weight: 400;\" aria-level=\"1\"><span style=\"font-weight: 400;\">Knowledge and Experience: access to quality education and experienced educators.<\/span><\/li><li style=\"font-weight: 400;\" aria-level=\"1\"><span style=\"font-weight: 400;\">Open Communication: guidance and support whenever needed.<\/span><\/li><\/ul>\t\t\t\t\t\t\t\t<\/div>\n\t\t\t\t<\/div>\n\t\t\t\t<div class=\"elementor-element elementor-element-fd11adc elementor-widget elementor-widget-text-editor\" data-id=\"fd11adc\" data-element_type=\"widget\" data-e-type=\"widget\" data-widget_type=\"text-editor.default\">\n\t\t\t\t<div class=\"elementor-widget-container\">\n\t\t\t\t\t\t\t\t\t<h3><b>What do we expect from Our Students?<\/b><\/h3><ul><li style=\"font-weight: 400;\" aria-level=\"1\"><span style=\"font-weight: 400;\">Seize Opportunities: embrace chances to learn and develop.<\/span><\/li><li style=\"font-weight: 400;\" aria-level=\"1\"><span style=\"font-weight: 400;\">Take Responsibility: own their actions and decisions.<\/span><\/li><li style=\"font-weight: 400;\" aria-level=\"1\"><span style=\"font-weight: 400;\">Utilize Abilities and Talents: apply their unique skills effectively.<\/span><\/li><li style=\"font-weight: 400;\" aria-level=\"1\"><span style=\"font-weight: 400;\">Nurture Values: cultivate respect, honesty, fairness, and a thirst for knowledge.<\/span><\/li><\/ul><p>\u00a0<\/p>\t\t\t\t\t\t\t\t<\/div>\n\t\t\t\t<\/div>\n\t\t\t\t<div class=\"elementor-element elementor-element-bc304bf elementor-widget elementor-widget-text-editor\" data-id=\"bc304bf\" data-element_type=\"widget\" data-e-type=\"widget\" data-widget_type=\"text-editor.default\">\n\t\t\t\t<div class=\"elementor-widget-container\">\n\t\t\t\t\t\t\t\t\t<h3><b>Admission policy<\/b><\/h3><p><span style=\"font-weight: 400;\">Our enrollment for the International Baccalaureate Middle Years Programme (IB MYP) and International Baccalaureate Diploma Programme (IB DP) is open throughout the year, depending on vacancies in each class.<\/span><\/p>\t\t\t\t\t\t\t\t<\/div>\n\t\t\t\t<\/div>\n\t\t\t\t<div class=\"elementor-element elementor-element-5cda2a5 elementor-align-left elementor-widget elementor-widget-button\" data-id=\"5cda2a5\" data-element_type=\"widget\" data-e-type=\"widget\" data-widget_type=\"button.default\">\n\t\t\t\t<div class=\"elementor-widget-container\">\n\t\t\t\t\t\t\t\t\t<div class=\"elementor-button-wrapper\">\n\t\t\t\t\t<a class=\"elementor-button elementor-button-link elementor-size-xl\" href=\"https:\/\/www.erudio.si\/internationalschool\/admission\/\" target=\"_blank\">\n\t\t\t\t\t\t<span class=\"elementor-button-content-wrapper\">\n\t\t\t\t\t\t\t\t\t<span class=\"elementor-button-text\">More information on enrollment<\/span>\n\t\t\t\t\t<\/span>\n\t\t\t\t\t<\/a>\n\t\t\t\t<\/div>\n\t\t\t\t\t\t\t\t<\/div>\n\t\t\t\t<\/div>\n\t\t\t\t\t<\/div>\n\t\t\t\t<\/div>\n\t\t\t\t<\/div>\n\t\t","protected":false},"excerpt":{"rendered":"<p>Enrollment is now open Submit the official application to secure your place. What Makes ERUDIO International School Unique? At ERUDIO International School, students enter a friendly and respectful environment where they can unveil their talents and abilities, take responsibility for their actions, and grow as individuals, classmates, and team members.\u00a0 We support students to become&#8230;<\/p>\n","protected":false},"author":1,"featured_media":0,"parent":0,"menu_order":0,"comment_status":"closed","ping_status":"closed","template":"","meta":{"_monsterinsights_skip_tracking":false,"_monsterinsights_sitenote_active":false,"_monsterinsights_sitenote_note":"","_monsterinsights_sitenote_category":0,"ngg_post_thumbnail":0,"footnotes":""},"class_list":["post-990957","page","type-page","status-publish","hentry"],"yoast_head":"<!-- This site is optimized with the Yoast SEO plugin v21.8 - https:\/\/yoast.com\/wordpress\/plugins\/seo\/ -->\n<title>Open Days - ERUDIO International School - Erudio<\/title>\n<meta name=\"robots\" content=\"noindex, follow\" \/>\n<meta property=\"og:locale\" content=\"en_US\" \/>\n<meta property=\"og:type\" content=\"article\" \/>\n<meta property=\"og:title\" content=\"Open Days - ERUDIO International School - Erudio\" \/>\n<meta property=\"og:description\" content=\"Enrollment is now open Submit the official application to secure your place. What Makes ERUDIO International School Unique? At ERUDIO International School, students enter a friendly and respectful environment where they can unveil their talents and abilities, take responsibility for their actions, and grow as individuals, classmates, and team members.\u00a0 We support students to become...\" \/>\n<meta property=\"og:url\" content=\"https:\/\/erudio.si\/vpis\/international-school\/\" \/>\n<meta property=\"og:site_name\" content=\"Erudio\" \/>\n<meta property=\"article:modified_time\" content=\"2026-05-04T10:44:38+00:00\" \/>\n<meta property=\"og:image\" content=\"https:\/\/erudio.si\/vpis\/wp-content\/uploads\/2026\/02\/2c10dc7a-1727-44a2-9419-5508eff6cba2-1.png?wsr\" \/>\n\t<meta property=\"og:image:width\" content=\"1438\" \/>\n\t<meta property=\"og:image:height\" content=\"1080\" \/>\n\t<meta property=\"og:image:type\" content=\"image\/png\" \/>\n<meta name=\"twitter:card\" content=\"summary_large_image\" \/>\n<meta name=\"twitter:label1\" content=\"Est. reading time\" \/>\n\t<meta name=\"twitter:data1\" content=\"1 minute\" \/>\n<script type=\"application\/ld+json\" class=\"yoast-schema-graph\">{\"@context\":\"https:\/\/schema.org\",\"@graph\":[{\"@type\":\"WebPage\",\"@id\":\"https:\/\/erudio.si\/vpis\/international-school\/\",\"url\":\"https:\/\/erudio.si\/vpis\/international-school\/\",\"name\":\"Open Days - ERUDIO International School - Erudio\",\"isPartOf\":{\"@id\":\"https:\/\/erudio.si\/vpis\/#website\"},\"datePublished\":\"2024-03-15T10:21:31+00:00\",\"dateModified\":\"2026-05-04T10:44:38+00:00\",\"breadcrumb\":{\"@id\":\"https:\/\/erudio.si\/vpis\/international-school\/#breadcrumb\"},\"inLanguage\":\"en-US\",\"potentialAction\":[{\"@type\":\"ReadAction\",\"target\":[\"https:\/\/erudio.si\/vpis\/international-school\/\"]}]},{\"@type\":\"BreadcrumbList\",\"@id\":\"https:\/\/erudio.si\/vpis\/international-school\/#breadcrumb\",\"itemListElement\":[{\"@type\":\"ListItem\",\"position\":1,\"name\":\"Home\",\"item\":\"https:\/\/erudio.si\/vpis\/\"},{\"@type\":\"ListItem\",\"position\":2,\"name\":\"Open Days &#8211; ERUDIO International School\"}]},{\"@type\":\"WebSite\",\"@id\":\"https:\/\/erudio.si\/vpis\/#website\",\"url\":\"https:\/\/erudio.si\/vpis\/\",\"name\":\"Erudio\",\"description\":\"Erudio izobra\u017eevalni center ponuja raznolike programe za razli\u010dne udele\u017eence, od mladih \u0161tudentov do strokovnjakov. Z mo\u017enostjo \u0161tudija na daljavo se lahko u\u010dite, kot vam ustreza. Razi\u0161\u010dite na\u0161e programe, uresni\u010dite svoj potencial in dose\u017eite svoje cilje.\",\"publisher\":{\"@id\":\"https:\/\/erudio.si\/vpis\/#organization\"},\"potentialAction\":[{\"@type\":\"SearchAction\",\"target\":{\"@type\":\"EntryPoint\",\"urlTemplate\":\"https:\/\/erudio.si\/vpis\/?s={search_term_string}\"},\"query-input\":\"required name=search_term_string\"}],\"inLanguage\":\"en-US\"},{\"@type\":\"Organization\",\"@id\":\"https:\/\/erudio.si\/vpis\/#organization\",\"name\":\"Erudio\",\"url\":\"https:\/\/erudio.si\/vpis\/\",\"logo\":{\"@type\":\"ImageObject\",\"inLanguage\":\"en-US\",\"@id\":\"https:\/\/erudio.si\/vpis\/#\/schema\/logo\/image\/\",\"url\":\"https:\/\/erudio.si\/vpis\/wp-content\/uploads\/2020\/02\/erudio_logo_negativ.png?wsr\",\"contentUrl\":\"https:\/\/erudio.si\/vpis\/wp-content\/uploads\/2020\/02\/erudio_logo_negativ.png?wsr\",\"width\":350,\"height\":100,\"caption\":\"Erudio\"},\"image\":{\"@id\":\"https:\/\/erudio.si\/vpis\/#\/schema\/logo\/image\/\"}}]}<\/script>\n<!-- \/ Yoast SEO plugin. -->","yoast_head_json":{"title":"Open Days - ERUDIO International School - Erudio","robots":{"index":"noindex","follow":"follow"},"og_locale":"en_US","og_type":"article","og_title":"Open Days - ERUDIO International School - Erudio","og_description":"Enrollment is now open Submit the official application to secure your place. What Makes ERUDIO International School Unique? At ERUDIO International School, students enter a friendly and respectful environment where they can unveil their talents and abilities, take responsibility for their actions, and grow as individuals, classmates, and team members.\u00a0 We support students to become...","og_url":"https:\/\/erudio.si\/vpis\/international-school\/","og_site_name":"Erudio","article_modified_time":"2026-05-04T10:44:38+00:00","og_image":[{"width":1438,"height":1080,"url":"https:\/\/erudio.si\/vpis\/wp-content\/uploads\/2026\/02\/2c10dc7a-1727-44a2-9419-5508eff6cba2-1.png?wsr","type":"image\/png"}],"twitter_card":"summary_large_image","twitter_misc":{"Est. reading time":"1 minute"},"schema":{"@context":"https:\/\/schema.org","@graph":[{"@type":"WebPage","@id":"https:\/\/erudio.si\/vpis\/international-school\/","url":"https:\/\/erudio.si\/vpis\/international-school\/","name":"Open Days - ERUDIO International School - Erudio","isPartOf":{"@id":"https:\/\/erudio.si\/vpis\/#website"},"datePublished":"2024-03-15T10:21:31+00:00","dateModified":"2026-05-04T10:44:38+00:00","breadcrumb":{"@id":"https:\/\/erudio.si\/vpis\/international-school\/#breadcrumb"},"inLanguage":"en-US","potentialAction":[{"@type":"ReadAction","target":["https:\/\/erudio.si\/vpis\/international-school\/"]}]},{"@type":"BreadcrumbList","@id":"https:\/\/erudio.si\/vpis\/international-school\/#breadcrumb","itemListElement":[{"@type":"ListItem","position":1,"name":"Home","item":"https:\/\/erudio.si\/vpis\/"},{"@type":"ListItem","position":2,"name":"Open Days &#8211; ERUDIO International School"}]},{"@type":"WebSite","@id":"https:\/\/erudio.si\/vpis\/#website","url":"https:\/\/erudio.si\/vpis\/","name":"Erudio","description":"Erudio izobra\u017eevalni center ponuja raznolike programe za razli\u010dne udele\u017eence, od mladih \u0161tudentov do strokovnjakov. Z mo\u017enostjo \u0161tudija na daljavo se lahko u\u010dite, kot vam ustreza. Razi\u0161\u010dite na\u0161e programe, uresni\u010dite svoj potencial in dose\u017eite svoje cilje.","publisher":{"@id":"https:\/\/erudio.si\/vpis\/#organization"},"potentialAction":[{"@type":"SearchAction","target":{"@type":"EntryPoint","urlTemplate":"https:\/\/erudio.si\/vpis\/?s={search_term_string}"},"query-input":"required name=search_term_string"}],"inLanguage":"en-US"},{"@type":"Organization","@id":"https:\/\/erudio.si\/vpis\/#organization","name":"Erudio","url":"https:\/\/erudio.si\/vpis\/","logo":{"@type":"ImageObject","inLanguage":"en-US","@id":"https:\/\/erudio.si\/vpis\/#\/schema\/logo\/image\/","url":"https:\/\/erudio.si\/vpis\/wp-content\/uploads\/2020\/02\/erudio_logo_negativ.png?wsr","contentUrl":"https:\/\/erudio.si\/vpis\/wp-content\/uploads\/2020\/02\/erudio_logo_negativ.png?wsr","width":350,"height":100,"caption":"Erudio"},"image":{"@id":"https:\/\/erudio.si\/vpis\/#\/schema\/logo\/image\/"}}]}},"_links":{"self":[{"href":"https:\/\/erudio.si\/vpis\/wp-json\/wp\/v2\/pages\/990957","targetHints":{"allow":["GET"]}}],"collection":[{"href":"https:\/\/erudio.si\/vpis\/wp-json\/wp\/v2\/pages"}],"about":[{"href":"https:\/\/erudio.si\/vpis\/wp-json\/wp\/v2\/types\/page"}],"author":[{"embeddable":true,"href":"https:\/\/erudio.si\/vpis\/wp-json\/wp\/v2\/users\/1"}],"replies":[{"embeddable":true,"href":"https:\/\/erudio.si\/vpis\/wp-json\/wp\/v2\/comments?post=990957"}],"version-history":[{"count":98,"href":"https:\/\/erudio.si\/vpis\/wp-json\/wp\/v2\/pages\/990957\/revisions"}],"predecessor-version":[{"id":996210,"href":"https:\/\/erudio.si\/vpis\/wp-json\/wp\/v2\/pages\/990957\/revisions\/996210"}],"wp:attachment":[{"href":"https:\/\/erudio.si\/vpis\/wp-json\/wp\/v2\/media?parent=990957"}],"curies":[{"name":"wp","href":"https:\/\/api.w.org\/{rel}","templated":true}]}}